{"id":18910,"date":"2025-12-11T09:16:21","date_gmt":"2025-12-11T14:16:21","guid":{"rendered":"https:\/\/sites.clarkson.edu\/library\/?page_id=18910"},"modified":"2026-04-17T13:56:16","modified_gmt":"2026-04-17T17:56:16","slug":"bring-your-own-book-club","status":"publish","type":"page","link":"https:\/\/sites.clarkson.edu\/library\/help-services\/bring-your-own-book-club\/","title":{"rendered":"Bring Your Own Book Club"},"content":{"rendered":"\n<p>Join us for a book club every third Wednesday of the month from 3 &#8211; 4 PM in ERC 2201 meeting room (Chip &amp; Nick&#8217;s Meeting Room). Check the details for the month to learn the room number. Light refreshments will be served as we discuss our books!<\/p>\n\n\n\n<p>Each month we will have a theme. Bring a book that fits the theme, one you would recommend to others, or whatever you&#8217;re reading right now. Don&#8217;t worry about bringing a physical copy with you, just bring the title and author, and be ready to tell us a little bit about it.<\/p>\n\n\n\n<p>To check out what is available on Overdrive or past display titles, check out our <a href=\"https:\/\/sites.clarkson.edu\/library\/research-tools-collections\/guides\/themed-book-lists\/\" target=\"_blank\" rel=\"noreferrer noopener\">Themed Book Lists<\/a>! We will compile all of the recommended reads each month and add them to the appropriate section below after the meeting.<\/p>\n\n\n\n<div class=\"wp-block-advgb-accordions advgb-accordions-aa5d169e-afee-44ca-b081-e2456a6f5ebc advgb-accordion-wrapper\" data-collapsed=\"true\">\n<div class=\"wp-block-advgb-accordion-item advgb-accordion-item\" style=\"margin-bottom:15px\"><div class=\"advgb-accordion-header\" style=\"background-color:#000;color:#eee;border-style:solid;border-width:1px;border-radius:2px\"><span class=\"advgb-accordion-header-icon accordion-state\"><svg class=\"advgb-icon-closed\" fill=\"#fff\" xmlns=\"http:\/\/www.w3.org\/2000\/svg\" width=\"24\" height=\"24\" viewBox=\"0 0 24 24\"><path fill=\"none\" d=\"M0,0h24v24H0V0z\"><\/path><path d=\"M12,2C6.48,2,2,6.48,2,12s4.48,10,10,10s10-4.48,10-10S17.52,2,12,2z M17,13h-4v4h-2v-4H7v-2h4V7h2v4h4V13z\"><\/path><\/svg><svg class=\"advgb-icon-opened\" fill=\"#fff\" xmlns=\"http:\/\/www.w3.org\/2000\/svg\" width=\"24\" height=\"24\" viewBox=\"0 0 24 24\"><path fill=\"none\" d=\"M0,0h24v24H0V0z\"><\/path><path d=\"M12,2C6.48,2,2,6.48,2,12s4.48,10,10,10s10-4.48,10-10S17.52,2,12,2z M17,13H7v-2h10V13z\"><\/path><\/svg><\/span><h4 class=\"advgb-accordion-header-title\" style=\"color:inherit\">January 21, 2026<\/h4><\/div><div class=\"advgb-accordion-body\" style=\"border-style:solid !important;border-width:1px !important;border-color:undefined !important;border-top:none !important;border-radius:2px !important\">\n<p>Theme: Your favorite book<\/p>\n\n\n\n<p>Location: Chip &amp; Nick&#8217;s Meeting Room in the ERC<\/p>\n\n\n\n<p>Book Recommendations:<\/p>\n\n\n\n<ul class=\"wp-block-list\">\n<li><a href=\"https:\/\/clarksonuniversitylibrary.on.worldcat.org\/oclc\/41401429\">A Walk in the Woods<\/a>, Bill Bryson<\/li>\n\n\n\n<li><a href=\"https:\/\/ncls.na3.iiivega.com\/search\/card?id=be6fb114-e512-5f06-b14a-c8382e603d90&amp;entityType=FormatGroup\">To Say Nothing of the Dog<\/a>, Connie Willis<\/li>\n\n\n\n<li><a href=\"https:\/\/nnyoverdrive.overdrive.com\/media\/146557\">Tuck Everlasting<\/a>, Natalie Babbitt<\/li>\n\n\n\n<li><a href=\"https:\/\/nnyoverdrive.overdrive.com\/media\/2145636\">A Court of Thorns and Roses<\/a>, Sarah J. Maas<\/li>\n\n\n\n<li><a href=\"https:\/\/clarksonuniversitylibrary.on.worldcat.org\/oclc\/65340967\">World War Z<\/a>, Max Brooks<\/li>\n\n\n\n<li><a href=\"https:\/\/ncls.na3.iiivega.com\/search\/card?id=3fc3e040-64e3-5977-bf7e-c9f4e073a12f&amp;entityType=FormatGroup\">The Elegance of the Hedgehog<\/a>, Muriel Barbery<\/li>\n\n\n\n<li><a href=\"https:\/\/clarksonuniversitylibrary.on.worldcat.org\/search\/detail\/1684482?queryString=jane%20eyre&amp;clusterResults=true&amp;stickyFacetsChecked=true&amp;baseScope=&amp;sortKey=LIBRARY&amp;groupVariantRecords=false&amp;scope=wz%3A737&amp;idDetect=true&amp;bookReviews=off&amp;changedFacet=format&amp;subformat=Book%3A%3Abook_printbook\">Jane Eyre<\/a>, Charlotte Bronte<\/li>\n\n\n\n<li><a href=\"https:\/\/nnyoverdrive.overdrive.com\/media\/5462438\">Firekeepers Daughter<\/a>, Angeline Boulley<\/li>\n<\/ul>\n<\/div><\/div>\n<\/div>\n\n\n\n<div class=\"wp-block-advgb-accordions advgb-accordions-22369aeb-8397-41b1-b4c1-900743d903f5 advgb-accordion-wrapper\" data-collapsed=\"true\">\n<div class=\"wp-block-advgb-accordion-item advgb-accordion-item\" style=\"margin-bottom:15px\"><div class=\"advgb-accordion-header\" style=\"background-color:#000;color:#eee;border-style:solid;border-width:1px;border-radius:2px\"><span class=\"advgb-accordion-header-icon accordion-state\"><svg class=\"advgb-icon-closed\" fill=\"#fff\" xmlns=\"http:\/\/www.w3.org\/2000\/svg\" width=\"24\" height=\"24\" viewBox=\"0 0 24 24\"><path fill=\"none\" d=\"M0,0h24v24H0V0z\"><\/path><path d=\"M12,2C6.48,2,2,6.48,2,12s4.48,10,10,10s10-4.48,10-10S17.52,2,12,2z M17,13h-4v4h-2v-4H7v-2h4V7h2v4h4V13z\"><\/path><\/svg><svg class=\"advgb-icon-opened\" fill=\"#fff\" xmlns=\"http:\/\/www.w3.org\/2000\/svg\" width=\"24\" height=\"24\" viewBox=\"0 0 24 24\"><path fill=\"none\" d=\"M0,0h24v24H0V0z\"><\/path><path d=\"M12,2C6.48,2,2,6.48,2,12s4.48,10,10,10s10-4.48,10-10S17.52,2,12,2z M17,13H7v-2h10V13z\"><\/path><\/svg><\/span><h4 class=\"advgb-accordion-header-title\" style=\"color:inherit\">February 18, 2026<\/h4><\/div><div class=\"advgb-accordion-body\" style=\"border-style:solid !important;border-width:1px !important;border-color:undefined !important;border-top:none !important;border-radius:2px !important\">\n<p>Theme: Black authors<\/p>\n\n\n\n<p>Location: Chip &amp; Nick&#8217;s Meeting Room in the ERC<\/p>\n\n\n\n<p>Book Recommendations:<\/p>\n\n\n\n<ul class=\"wp-block-list\">\n<li><a href=\"https:\/\/clarksonuniversitylibrary.on.worldcat.org\/oclc\/17507408\">Kindred<\/a>, Octavia Butler<\/li>\n\n\n\n<li><a href=\"https:\/\/nnyoverdrive.overdrive.com\/media\/3D25E5C6-FCA9-42E4-A98D-724A1302C3F7\">Fifth Season<\/a>, N.K. Jemisin (part of Broken Earth Series)<\/li>\n\n\n\n<li><a href=\"https:\/\/ncls.na3.iiivega.com\/search\/card?id=f97ab159-0a8c-5903-90a9-7df7fe9443b5&amp;entityType=FormatGroup\">The City We Became<\/a>, N.K. Jemisin (part of Great Cities Series)<\/li>\n\n\n\n<li><a href=\"https:\/\/nnyoverdrive.overdrive.com\/media\/3402285\">Monday&#8217;s Not Coming<\/a>, Tiffany D. Jackson<\/li>\n\n\n\n<li><a href=\"https:\/\/nnyoverdrive.overdrive.com\/search?query=black+cake+charmaine+wilkerson\">Black Cake<\/a>, Charmaine Wilkerson<\/li>\n\n\n\n<li><a href=\"https:\/\/ncls.na3.iiivega.com\/search\/card?id=6c376bd8-1e26-5fe5-9398-e6a77e80e13f&amp;entityType=FormatGroup\">Cursed Daughters<\/a>, Oyinkan Braithwaite<\/li>\n<\/ul>\n<\/div><\/div>\n<\/div>\n\n\n\n<div class=\"wp-block-advgb-accordions advgb-accordions-de6148c3-d9ee-48fa-8416-cd1c12de8450 advgb-accordion-wrapper\" data-collapsed=\"true\">\n<div class=\"wp-block-advgb-accordion-item advgb-accordion-item\" style=\"margin-bottom:15px\"><div class=\"advgb-accordion-header\" style=\"background-color:#000;color:#eee;border-style:solid;border-width:1px;border-radius:2px\"><span class=\"advgb-accordion-header-icon accordion-state\"><svg class=\"advgb-icon-closed\" fill=\"#fff\" xmlns=\"http:\/\/www.w3.org\/2000\/svg\" width=\"24\" height=\"24\" viewBox=\"0 0 24 24\"><path fill=\"none\" d=\"M0,0h24v24H0V0z\"><\/path><path d=\"M12,2C6.48,2,2,6.48,2,12s4.48,10,10,10s10-4.48,10-10S17.52,2,12,2z M17,13h-4v4h-2v-4H7v-2h4V7h2v4h4V13z\"><\/path><\/svg><svg class=\"advgb-icon-opened\" fill=\"#fff\" xmlns=\"http:\/\/www.w3.org\/2000\/svg\" width=\"24\" height=\"24\" viewBox=\"0 0 24 24\"><path fill=\"none\" d=\"M0,0h24v24H0V0z\"><\/path><path d=\"M12,2C6.48,2,2,6.48,2,12s4.48,10,10,10s10-4.48,10-10S17.52,2,12,2z M17,13H7v-2h10V13z\"><\/path><\/svg><\/span><h4 class=\"advgb-accordion-header-title\" style=\"color:inherit\">March 25, 2026<\/h4><\/div><div class=\"advgb-accordion-body\" style=\"border-style:solid !important;border-width:1px !important;border-color:undefined !important;border-top:none !important;border-radius:2px !important\">\n<p>Theme: One word title<\/p>\n\n\n\n<p>Location: Chip &amp; Nick&#8217;s Meeting Room in the ERC<\/p>\n\n\n\n<p>Book Recommendations:<\/p>\n\n\n\n<ul class=\"wp-block-list\">\n<li><a href=\"https:\/\/nnyoverdrive.overdrive.com\/media\/9768977\">The Women<\/a>, Kristin Hannah<\/li>\n\n\n\n<li><a href=\"https:\/\/nnyoverdrive.overdrive.com\/media\/6032329\">The Sentence<\/a>, Louise Erdrich<\/li>\n\n\n\n<li><a href=\"https:\/\/nnyoverdrive.overdrive.com\/media\/4973008\">Persuasion<\/a>, Jane Austen<\/li>\n\n\n\n<li><a href=\"https:\/\/nnyoverdrive.overdrive.com\/search?query=james+percival+everett\">James<\/a>, Percival Everett<\/li>\n\n\n\n<li><a href=\"https:\/\/ncls.na3.iiivega.com\/search\/card?id=8ff88234-b474-5776-b3f9-71171978c99c&amp;entityType=FormatGroup\">Reykjav\u00edk<\/a>, Ragnar J\u00f3nasson and Katr\u00edn Jakobsd\u00f3ttir<\/li>\n\n\n\n<li><a href=\"https:\/\/ncls.na3.iiivega.com\/search\/card?id=237079f8-4283-54f6-9c9f-0e1213ecc154&amp;entityType=FormatGroup\">Clytemnestra<\/a>, Costanza Casati<\/li>\n\n\n\n<li><a href=\"https:\/\/ncls.na3.iiivega.com\/search\/card?id=c7bf12c8-7c31-5c2c-9ad3-3707f7b13564&amp;entityType=FormatGroup\">Monstrilio<\/a>, Gerardo S\u00e1mano C\u00f3rdova<\/li>\n\n\n\n<li><a href=\"https:\/\/nnyoverdrive.overdrive.com\/search?query=stiff\">Stiff<\/a>, Mary Roach<\/li>\n\n\n\n<li><a href=\"https:\/\/nnyoverdrive.overdrive.com\/media\/166393\">The Stand<\/a>, Stephen King<\/li>\n\n\n\n<li><a href=\"https:\/\/ncls.na3.iiivega.com\/search\/card?id=b8d0868a-6c1b-5f4f-a781-c30600d2fd3d&amp;entityType=FormatGroup\">Colony<\/a>, Anne Rivers Siddons<\/li>\n\n\n\n<li><a href=\"https:\/\/nnyoverdrive.overdrive.com\/search?query=fear+bob+woodward\">Fear<\/a>, Bob Woodward<\/li>\n\n\n\n<li><a href=\"https:\/\/ncls.na3.iiivega.com\/search\/card?id=0ae7ceba-4144-5082-aeb8-9be5ce24a433&amp;entityType=FormatGroup\">Relic<\/a>, Douglas Preston and Lincoln Child<\/li>\n<\/ul>\n<\/div><\/div>\n<\/div>\n\n\n\n<div class=\"wp-block-advgb-accordions advgb-accordions-1ea63bb9-da11-47bb-b5e6-09d320c69a52 advgb-accordion-wrapper\" data-collapsed=\"true\">\n<div class=\"wp-block-advgb-accordion-item advgb-accordion-item\" style=\"margin-bottom:15px\"><div class=\"advgb-accordion-header\" style=\"background-color:#000;color:#eee;border-style:solid;border-width:1px;border-radius:2px\"><span class=\"advgb-accordion-header-icon accordion-state\"><svg class=\"advgb-icon-closed\" fill=\"#fff\" xmlns=\"http:\/\/www.w3.org\/2000\/svg\" width=\"24\" height=\"24\" viewBox=\"0 0 24 24\"><path fill=\"none\" d=\"M0,0h24v24H0V0z\"><\/path><path d=\"M12,2C6.48,2,2,6.48,2,12s4.48,10,10,10s10-4.48,10-10S17.52,2,12,2z M17,13h-4v4h-2v-4H7v-2h4V7h2v4h4V13z\"><\/path><\/svg><svg class=\"advgb-icon-opened\" fill=\"#fff\" xmlns=\"http:\/\/www.w3.org\/2000\/svg\" width=\"24\" height=\"24\" viewBox=\"0 0 24 24\"><path fill=\"none\" d=\"M0,0h24v24H0V0z\"><\/path><path d=\"M12,2C6.48,2,2,6.48,2,12s4.48,10,10,10s10-4.48,10-10S17.52,2,12,2z M17,13H7v-2h10V13z\"><\/path><\/svg><\/span><h4 class=\"advgb-accordion-header-title\" style=\"color:inherit\">April 15, 2026<\/h4><\/div><div class=\"advgb-accordion-body\" style=\"border-style:solid !important;border-width:1px !important;border-color:undefined !important;border-top:none !important;border-radius:2px !important\">\n<p>Theme: Summer read<\/p>\n\n\n\n<p>Location: Chip &amp; Nick&#8217;s Meeting Room in the ERC<\/p>\n\n\n\n<ul class=\"wp-block-list\">\n<li><a href=\"https:\/\/ncls.na3.iiivega.com\/search\/card?id=de0b935f-6047-54b5-9b89-0b5a7d5ea653&amp;entityType=FormatGroup\">The Husbands<\/a>, Holly Gramazio<\/li>\n\n\n\n<li><a href=\"https:\/\/ncls.na3.iiivega.com\/search?query=a%20novel%20of%20discworld&amp;searchType=everything&amp;pageSize=10\">Discworld series<\/a>, Terry Pratchett<\/li>\n\n\n\n<li><a href=\"https:\/\/nnyoverdrive.overdrive.com\/media\/9240596\">None of This Is True<\/a>, Lisa Jewell<\/li>\n\n\n\n<li><a href=\"https:\/\/nnyoverdrive.overdrive.com\/search?query=Home%20Is%20Where%20the%20Bodies%20Are\">Home Is Where the Bodies Are<\/a>, Jeneva Rose<\/li>\n\n\n\n<li><a href=\"https:\/\/nnyoverdrive.overdrive.com\/media\/11348072\">A Marriage at Sea<\/a>, Sophie Elmhirst<\/li>\n\n\n\n<li><a href=\"https:\/\/ncls.na3.iiivega.com\/search\/card?id=50269bb4-7d7d-56f6-a8f8-a382c520cce4&amp;entityType=FormatGroup\">A Walk in the Park<\/a>, Kevin Fedarko<\/li>\n\n\n\n<li><a href=\"https:\/\/nnyoverdrive.overdrive.com\/media\/3046432\">The Good Daughter<\/a>, Karin Slaughter<\/li>\n\n\n\n<li><a href=\"https:\/\/nnyoverdrive.overdrive.com\/media\/517693\">Slow Horses<\/a>, Mick Herron<\/li>\n\n\n\n<li><a href=\"https:\/\/ncls.na3.iiivega.com\/search\/card?id=0c472462-3fd8-54d2-9d31-e7e7119f3556&amp;entityType=FormatGroup\">The Amalfi Curse<\/a>, Sarah Penner<\/li>\n\n\n\n<li><a href=\"https:\/\/ncls.na3.iiivega.com\/search\/card?id=7b69b471-7d41-5243-87e1-c5bfeb4169e1&amp;entityType=FormatGroup\">Bury Your Gays<\/a>, Chuck Tingle<\/li>\n\n\n\n<li><a href=\"https:\/\/ncls.na3.iiivega.com\/search\/card?id=5809ce4e-630e-535d-91f8-e3f7e6e1461f&amp;entityType=FormatGroup\">Love is a War Song<\/a>, Danica Nava<\/li>\n\n\n\n<li><a href=\"https:\/\/nnyoverdrive.overdrive.com\/media\/6490987\">Every Summer After<\/a>, Carley Fortune<\/li>\n\n\n\n<li><a href=\"https:\/\/nnyoverdrive.overdrive.com\/media\/8795274\">Carrie Soto is Back<\/a>, Taylor Jenkins Reid<\/li>\n\n\n\n<li><a href=\"https:\/\/nnyoverdrive.overdrive.com\/media\/9140729\">Happy Place<\/a>, Emily Henry<\/li>\n\n\n\n<li><a href=\"https:\/\/ncls.na3.iiivega.com\/search\/card?id=fd07e27e-1f38-5833-8780-602826b814d2&amp;entityType=FormatGroup\">Dead of Summer<\/a>, Jessa Maxwell<\/li>\n<\/ul>\n<\/div><\/div>\n<\/div>\n\n\n\n<p><\/p>\n","protected":false},"excerpt":{"rendered":"<p>Join us for a book club every third Wednesday of the month from 3 &#8211; 4 PM in ERC 2201 meeting room (Chip &amp; Nick&#8217;s Meeting Room). Check the details for the month to learn the room number. Light refreshments will be served as we discuss our books! Each month we will have a theme. [&hellip;]<\/p>\n","protected":false},"author":223,"featured_media":0,"parent":45,"menu_order":0,"comment_status":"closed","ping_status":"closed","template":"page-templates\/right-sidebarpage.php","meta":{"advgb_blocks_editor_width":"","advgb_blocks_columns_visual_guide":"","footnotes":""},"class_list":["post-18910","page","type-page","status-publish","hentry"],"yoast_head":"<!-- This site is optimized with the Yoast SEO plugin v27.3 - https:\/\/yoast.com\/product\/yoast-seo-wordpress\/ -->\n<title>Bring Your Own Book Club - University Libraries<\/title>\n<meta name=\"robots\" content=\"index, follow, max-snippet:-1, max-image-preview:large, max-video-preview:-1\" \/>\n<link rel=\"canonical\" href=\"https:\/\/sites.clarkson.edu\/library\/help-services\/bring-your-own-book-club\/\" \/>\n<meta property=\"og:locale\" content=\"en_US\" \/>\n<meta property=\"og:type\" content=\"article\" \/>\n<meta property=\"og:title\" content=\"Bring Your Own Book Club - University Libraries\" \/>\n<meta property=\"og:description\" content=\"Join us for a book club every third Wednesday of the month from 3 &#8211; 4 PM in ERC 2201 meeting room (Chip &amp; Nick&#8217;s Meeting Room). Check the details for the month to learn the room number. Light refreshments will be served as we discuss our books! Each month we will have a theme. [&hellip;]\" \/>\n<meta property=\"og:url\" content=\"https:\/\/sites.clarkson.edu\/library\/help-services\/bring-your-own-book-club\/\" \/>\n<meta property=\"og:site_name\" content=\"University Libraries\" \/>\n<meta property=\"article:modified_time\" content=\"2026-04-17T17:56:16+00:00\" \/>\n<meta name=\"twitter:card\" content=\"summary_large_image\" \/>\n<meta name=\"twitter:label1\" content=\"Est. reading time\" \/>\n\t<meta name=\"twitter:data1\" content=\"2 minutes\" \/>\n<script type=\"application\/ld+json\" class=\"yoast-schema-graph\">{\"@context\":\"https:\\\/\\\/schema.org\",\"@graph\":[{\"@type\":\"WebPage\",\"@id\":\"https:\\\/\\\/sites.clarkson.edu\\\/library\\\/help-services\\\/bring-your-own-book-club\\\/\",\"url\":\"https:\\\/\\\/sites.clarkson.edu\\\/library\\\/help-services\\\/bring-your-own-book-club\\\/\",\"name\":\"Bring Your Own Book Club - University Libraries\",\"isPartOf\":{\"@id\":\"https:\\\/\\\/sites.clarkson.edu\\\/library\\\/#website\"},\"datePublished\":\"2025-12-11T14:16:21+00:00\",\"dateModified\":\"2026-04-17T17:56:16+00:00\",\"breadcrumb\":{\"@id\":\"https:\\\/\\\/sites.clarkson.edu\\\/library\\\/help-services\\\/bring-your-own-book-club\\\/#breadcrumb\"},\"inLanguage\":\"en-US\",\"potentialAction\":[{\"@type\":\"ReadAction\",\"target\":[\"https:\\\/\\\/sites.clarkson.edu\\\/library\\\/help-services\\\/bring-your-own-book-club\\\/\"]}]},{\"@type\":\"BreadcrumbList\",\"@id\":\"https:\\\/\\\/sites.clarkson.edu\\\/library\\\/help-services\\\/bring-your-own-book-club\\\/#breadcrumb\",\"itemListElement\":[{\"@type\":\"ListItem\",\"position\":1,\"name\":\"Home\",\"item\":\"https:\\\/\\\/sites.clarkson.edu\\\/library\\\/\"},{\"@type\":\"ListItem\",\"position\":2,\"name\":\"Help &amp; Services\",\"item\":\"https:\\\/\\\/sites.clarkson.edu\\\/library\\\/help-services\\\/\"},{\"@type\":\"ListItem\",\"position\":3,\"name\":\"Bring Your Own Book Club\"}]},{\"@type\":\"WebSite\",\"@id\":\"https:\\\/\\\/sites.clarkson.edu\\\/library\\\/#website\",\"url\":\"https:\\\/\\\/sites.clarkson.edu\\\/library\\\/\",\"name\":\"University Libraries\",\"description\":\"\",\"publisher\":{\"@id\":\"https:\\\/\\\/sites.clarkson.edu\\\/library\\\/#organization\"},\"potentialAction\":[{\"@type\":\"SearchAction\",\"target\":{\"@type\":\"EntryPoint\",\"urlTemplate\":\"https:\\\/\\\/sites.clarkson.edu\\\/library\\\/?s={search_term_string}\"},\"query-input\":{\"@type\":\"PropertyValueSpecification\",\"valueRequired\":true,\"valueName\":\"search_term_string\"}}],\"inLanguage\":\"en-US\"},{\"@type\":\"Organization\",\"@id\":\"https:\\\/\\\/sites.clarkson.edu\\\/library\\\/#organization\",\"name\":\"University Libraries\",\"url\":\"https:\\\/\\\/sites.clarkson.edu\\\/library\\\/\",\"logo\":{\"@type\":\"ImageObject\",\"inLanguage\":\"en-US\",\"@id\":\"https:\\\/\\\/sites.clarkson.edu\\\/library\\\/#\\\/schema\\\/logo\\\/image\\\/\",\"url\":\"https:\\\/\\\/sites.clarkson.edu\\\/library\\\/wp-content\\\/uploads\\\/sites\\\/5\\\/2022\\\/02\\\/800px-Clarkson_Logo-1.png\",\"contentUrl\":\"https:\\\/\\\/sites.clarkson.edu\\\/library\\\/wp-content\\\/uploads\\\/sites\\\/5\\\/2022\\\/02\\\/800px-Clarkson_Logo-1.png\",\"width\":800,\"height\":291,\"caption\":\"University Libraries\"},\"image\":{\"@id\":\"https:\\\/\\\/sites.clarkson.edu\\\/library\\\/#\\\/schema\\\/logo\\\/image\\\/\"}}]}<\/script>\n<!-- \/ Yoast SEO plugin. -->","yoast_head_json":{"title":"Bring Your Own Book Club - University Libraries","robots":{"index":"index","follow":"follow","max-snippet":"max-snippet:-1","max-image-preview":"max-image-preview:large","max-video-preview":"max-video-preview:-1"},"canonical":"https:\/\/sites.clarkson.edu\/library\/help-services\/bring-your-own-book-club\/","og_locale":"en_US","og_type":"article","og_title":"Bring Your Own Book Club - University Libraries","og_description":"Join us for a book club every third Wednesday of the month from 3 &#8211; 4 PM in ERC 2201 meeting room (Chip &amp; Nick&#8217;s Meeting Room). Check the details for the month to learn the room number. Light refreshments will be served as we discuss our books! Each month we will have a theme. [&hellip;]","og_url":"https:\/\/sites.clarkson.edu\/library\/help-services\/bring-your-own-book-club\/","og_site_name":"University Libraries","article_modified_time":"2026-04-17T17:56:16+00:00","twitter_card":"summary_large_image","twitter_misc":{"Est. reading time":"2 minutes"},"schema":{"@context":"https:\/\/schema.org","@graph":[{"@type":"WebPage","@id":"https:\/\/sites.clarkson.edu\/library\/help-services\/bring-your-own-book-club\/","url":"https:\/\/sites.clarkson.edu\/library\/help-services\/bring-your-own-book-club\/","name":"Bring Your Own Book Club - University Libraries","isPartOf":{"@id":"https:\/\/sites.clarkson.edu\/library\/#website"},"datePublished":"2025-12-11T14:16:21+00:00","dateModified":"2026-04-17T17:56:16+00:00","breadcrumb":{"@id":"https:\/\/sites.clarkson.edu\/library\/help-services\/bring-your-own-book-club\/#breadcrumb"},"inLanguage":"en-US","potentialAction":[{"@type":"ReadAction","target":["https:\/\/sites.clarkson.edu\/library\/help-services\/bring-your-own-book-club\/"]}]},{"@type":"BreadcrumbList","@id":"https:\/\/sites.clarkson.edu\/library\/help-services\/bring-your-own-book-club\/#breadcrumb","itemListElement":[{"@type":"ListItem","position":1,"name":"Home","item":"https:\/\/sites.clarkson.edu\/library\/"},{"@type":"ListItem","position":2,"name":"Help &amp; Services","item":"https:\/\/sites.clarkson.edu\/library\/help-services\/"},{"@type":"ListItem","position":3,"name":"Bring Your Own Book Club"}]},{"@type":"WebSite","@id":"https:\/\/sites.clarkson.edu\/library\/#website","url":"https:\/\/sites.clarkson.edu\/library\/","name":"University Libraries","description":"","publisher":{"@id":"https:\/\/sites.clarkson.edu\/library\/#organization"},"potentialAction":[{"@type":"SearchAction","target":{"@type":"EntryPoint","urlTemplate":"https:\/\/sites.clarkson.edu\/library\/?s={search_term_string}"},"query-input":{"@type":"PropertyValueSpecification","valueRequired":true,"valueName":"search_term_string"}}],"inLanguage":"en-US"},{"@type":"Organization","@id":"https:\/\/sites.clarkson.edu\/library\/#organization","name":"University Libraries","url":"https:\/\/sites.clarkson.edu\/library\/","logo":{"@type":"ImageObject","inLanguage":"en-US","@id":"https:\/\/sites.clarkson.edu\/library\/#\/schema\/logo\/image\/","url":"https:\/\/sites.clarkson.edu\/library\/wp-content\/uploads\/sites\/5\/2022\/02\/800px-Clarkson_Logo-1.png","contentUrl":"https:\/\/sites.clarkson.edu\/library\/wp-content\/uploads\/sites\/5\/2022\/02\/800px-Clarkson_Logo-1.png","width":800,"height":291,"caption":"University Libraries"},"image":{"@id":"https:\/\/sites.clarkson.edu\/library\/#\/schema\/logo\/image\/"}}]}},"coauthors":[],"author_meta":{"author_link":"https:\/\/sites.clarkson.edu\/library\/author\/jleja\/","display_name":"jleja"},"relative_dates":{"created":"Posted 4 months ago","modified":"Updated 1 week ago"},"absolute_dates":{"created":"Posted on December 11, 2025","modified":"Updated on April 17, 2026"},"absolute_dates_time":{"created":"Posted on December 11, 2025 9:16 am","modified":"Updated on April 17, 2026 1:56 pm"},"featured_img_caption":"","featured_img":false,"series_order":"","_links":{"self":[{"href":"https:\/\/sites.clarkson.edu\/library\/wp-json\/wp\/v2\/pages\/18910","targetHints":{"allow":["GET"]}}],"collection":[{"href":"https:\/\/sites.clarkson.edu\/library\/wp-json\/wp\/v2\/pages"}],"about":[{"href":"https:\/\/sites.clarkson.edu\/library\/wp-json\/wp\/v2\/types\/page"}],"author":[{"embeddable":true,"href":"https:\/\/sites.clarkson.edu\/library\/wp-json\/wp\/v2\/users\/223"}],"replies":[{"embeddable":true,"href":"https:\/\/sites.clarkson.edu\/library\/wp-json\/wp\/v2\/comments?post=18910"}],"version-history":[{"count":16,"href":"https:\/\/sites.clarkson.edu\/library\/wp-json\/wp\/v2\/pages\/18910\/revisions"}],"predecessor-version":[{"id":19163,"href":"https:\/\/sites.clarkson.edu\/library\/wp-json\/wp\/v2\/pages\/18910\/revisions\/19163"}],"up":[{"embeddable":true,"href":"https:\/\/sites.clarkson.edu\/library\/wp-json\/wp\/v2\/pages\/45"}],"wp:attachment":[{"href":"https:\/\/sites.clarkson.edu\/library\/wp-json\/wp\/v2\/media?parent=18910"}],"curies":[{"name":"wp","href":"https:\/\/api.w.org\/{rel}","templated":true}]}}