{"id":1772,"date":"2020-06-09T16:03:44","date_gmt":"2020-06-09T16:03:44","guid":{"rendered":"https:\/\/dev-cu-sites.pantheonsite.io\/gallery\/?page_id=1772"},"modified":"2020-08-14T13:39:39","modified_gmt":"2020-08-14T13:39:39","slug":"milijenko-stancic","status":"publish","type":"page","link":"https:\/\/sites.clarkson.edu\/gallery\/browse-the-artists\/milijenko-stancic\/","title":{"rendered":"Milijenko Stancic"},"content":{"rendered":"\n<h3 class=\"wp-block-heading\">About the Artist<\/h3>\n\n\n\n<p>Miljenko Stan\u010di\u0107 was a Croatian painter and graphic artist. He is famous for his vast painting oeuvre of Vara\u017edin cityscapes.&nbsp;<\/p>\n\n\n\n<p class=\"has-text-align-right\"><em>Taken From: <a href=\"https:\/\/en.wikipedia.org\/wiki\/Miljenko_Stan%C4%8Di%C4%87\">https:\/\/en.wikipedia.org\/wiki\/Miljenko_Stan%C4%8Di%C4%87<\/a><\/em><\/p>\n\n\n<div class=\"glossary-term-bar\"><span class=\"glossary-link-initial-item\"><a href=\"#glossary-f\">f<\/a><\/span><span class=\"glossary-link-initial-item\"><a href=\"#glossary-m\">m<\/a><\/span><span class=\"glossary-link-initial-item\"><a href=\"#glossary-r\">r<\/a><\/span><span class=\"glossary-link-initial-item\"><a href=\"#glossary-t\">t<\/a><\/span><span class=\"glossary-link-initial-item\"><a href=\"#glossary-v\">v<\/a><\/span><\/div><div class=\"glossary-term-list \"><div class=\"glossary-block glossary-block-f\"><span class=\"glossary-letter\" id=\"glossary-f\">f<\/span><ul><li><span class=\"glossary-link-item\"><a href=\"https:\/\/sites.clarkson.edu\/gallery\/art\/family-at-dinner\/\">Family at Dinner<\/a> - <span class=\"glossary-list-term-excerpt\"><\/span><\/span><\/li><li><span class=\"glossary-link-item\"><a href=\"https:\/\/sites.clarkson.edu\/gallery\/browse-the-art-collection\/family-by-window\/\">Family by Window<\/a> - <span class=\"glossary-list-term-excerpt\"><\/span><\/span><\/li><li><span class=\"glossary-link-item\"><a href=\"https:\/\/sites.clarkson.edu\/gallery\/browse-the-art-collection\/friends\/\">Friends<\/a> - <span class=\"glossary-list-term-excerpt\"><\/span><\/span><\/li><\/ul><\/div><div class=\"glossary-block glossary-block-m\"><span class=\"glossary-letter\" id=\"glossary-m\">m<\/span><ul><li><span class=\"glossary-link-item\"><a href=\"https:\/\/sites.clarkson.edu\/gallery\/art\/mother-and-child\/\">Mother and Child<\/a> - <span class=\"glossary-list-term-excerpt\"><\/span><\/span><\/li><\/ul><\/div><div class=\"glossary-block glossary-block-r\"><span class=\"glossary-letter\" id=\"glossary-r\">r<\/span><ul><li><span class=\"glossary-link-item\"><a href=\"https:\/\/sites.clarkson.edu\/gallery\/browse-the-art-collection\/roofs\/\">Roofs<\/a> - <span class=\"glossary-list-term-excerpt\"><\/span><\/span><\/li><\/ul><\/div><div class=\"glossary-block glossary-block-t\"><span class=\"glossary-letter\" id=\"glossary-t\">t<\/span><ul><li><span class=\"glossary-link-item\"><a href=\"https:\/\/sites.clarkson.edu\/gallery\/browse-the-art-collection\/the-lovers\/\">The Lovers<\/a> - <span class=\"glossary-list-term-excerpt\"><\/span><\/span><\/li><\/ul><\/div><div class=\"glossary-block glossary-block-v\"><span class=\"glossary-letter\" id=\"glossary-v\">v<\/span><ul><li><span class=\"glossary-link-item\"><a href=\"https:\/\/sites.clarkson.edu\/gallery\/browse-the-art-collection\/village-scene-with-church\/\">Village Scene with Church<\/a> - <span class=\"glossary-list-term-excerpt\"><\/span><\/span><\/li><\/ul><\/div><\/div>\n","protected":false},"excerpt":{"rendered":"<p>About the Artist Miljenko Stan\u010di\u0107 was a Croatian painter and graphic artist. He is famous for his vast painting oeuvre of Vara\u017edin cityscapes.&nbsp; Taken From: https:\/\/en.wikipedia.org\/wiki\/Miljenko_Stan%C4%8Di%C4%87<\/p>\n","protected":false},"author":56,"featured_media":0,"parent":169,"menu_order":0,"comment_status":"closed","ping_status":"closed","template":"","meta":{"advgb_blocks_editor_width":"","advgb_blocks_columns_visual_guide":"","footnotes":""},"class_list":["post-1772","page","type-page","status-publish","hentry"],"coauthors":[],"author_meta":{"author_link":"https:\/\/sites.clarkson.edu\/gallery\/author\/aamidon\/","display_name":"Amber"},"relative_dates":{"created":"Posted 6 years ago","modified":"Updated 6 years ago"},"absolute_dates":{"created":"Posted on June 9, 2020","modified":"Updated on August 14, 2020"},"absolute_dates_time":{"created":"Posted on June 9, 2020 4:03 pm","modified":"Updated on August 14, 2020 1:39 pm"},"featured_img_caption":"","featured_img":false,"series_order":"","_links":{"self":[{"href":"https:\/\/sites.clarkson.edu\/gallery\/wp-json\/wp\/v2\/pages\/1772","targetHints":{"allow":["GET"]}}],"collection":[{"href":"https:\/\/sites.clarkson.edu\/gallery\/wp-json\/wp\/v2\/pages"}],"about":[{"href":"https:\/\/sites.clarkson.edu\/gallery\/wp-json\/wp\/v2\/types\/page"}],"author":[{"embeddable":true,"href":"https:\/\/sites.clarkson.edu\/gallery\/wp-json\/wp\/v2\/users\/56"}],"replies":[{"embeddable":true,"href":"https:\/\/sites.clarkson.edu\/gallery\/wp-json\/wp\/v2\/comments?post=1772"}],"version-history":[{"count":0,"href":"https:\/\/sites.clarkson.edu\/gallery\/wp-json\/wp\/v2\/pages\/1772\/revisions"}],"up":[{"embeddable":true,"href":"https:\/\/sites.clarkson.edu\/gallery\/wp-json\/wp\/v2\/pages\/169"}],"wp:attachment":[{"href":"https:\/\/sites.clarkson.edu\/gallery\/wp-json\/wp\/v2\/media?parent=1772"}],"curies":[{"name":"wp","href":"https:\/\/api.w.org\/{rel}","templated":true}]}}