{"id":254,"date":"2022-06-01T12:41:41","date_gmt":"2022-06-01T12:41:41","guid":{"rendered":"https:\/\/dev-cu-sites.pantheonsite.io\/camp\/?page_id=254"},"modified":"2022-09-29T00:02:30","modified_gmt":"2022-09-29T00:02:30","slug":"clarkson-materials-chemistry-symposium","status":"publish","type":"page","link":"https:\/\/sites.clarkson.edu\/camp\/clarkson-materials-chemistry-symposium\/","title":{"rendered":"Clarkson Materials Chemistry Symposium"},"content":{"rendered":"<h2><b>Clarkson Materials Chemistry Symposium<\/b><\/h2>\n<h3>Advanced Functional Materials for Emerging Science and Technology<\/h3>\n<p>Clarkson University and CAMP are excited to host a 1.5-day symposium on October 1-2 2022, which will bring together leaders in the field of materials chemistry, including 20+ invited speakers and student posters.<\/p>\n<h4><em><strong>REGISTRATION NOW CLOSED ! <\/strong><\/em><\/h4>\n<p>Please email Leila Boyea (<a href=\"mailto:lboyea@clarkson.edu\">lboyea@clarkson.edu<\/a>) if you have any questions about attending the symposium.<\/p>\n<p>\t\t\t\t\t\t\t\t\t\t\t\t\t\t\t\t<a href=\"https:\/\/www.clarkson.edu\/camp\" target=\"_blank\" rel=\"noopener\"><br \/>\n\t\t\t\t\t\t\t<img decoding=\"async\" width=\"640\" height=\"167\" src=\"https:\/\/sites.clarkson.edu\/camp\/wp-content\/uploads\/sites\/49\/2021\/04\/CAMP_logo_green-gray-on-white-1024x267.jpg\" alt=\"\" loading=\"lazy\" \/>\t\t\t\t\t\t\t\t<\/a><\/p>\n<h4><em><strong>FINAL SCHEDULE NOW AVAILABLE!<\/strong><\/em><\/h4>\n<p>See below for an outline or\u00a0<a href=\"https:\/\/drive.google.com\/file\/d\/1Wm3AFqM_c40wT_Uy5RazLo8e8Brp2gWD\/view?usp=sharing\" target=\"_blank\" rel=\"noopener\">download a PDF of the full schedule here<\/a>.\u00a0<\/p>\n<h3><em><strong>Plenary Speaker:<\/strong><\/em><\/h3>\n<p><a href=\"https:\/\/chemistry.northwestern.edu\/people\/core-faculty\/profiles\/omar-farha.html\" target=\"_blank\" rel=\"noopener\"><strong>Omar Farha<\/strong><\/a> (Northwestern University)<\/p>\n<h3><em><strong>Keynote Speakers:<\/strong><\/em><\/h3>\n<p><a href=\"https:\/\/www.mcgill.ca\/chemistry\/faculty\/tomislav-friscic\" target=\"_blank\" rel=\"noopener\"><strong>Tomislav Friscic<\/strong><\/a> (Birmingham University)<\/p>\n<p><a href=\"https:\/\/www.clarkson.edu\/people\/silvana-andreescu\" target=\"_blank\" rel=\"noopener\"><strong>Silvana Andreescu<\/strong><\/a> (Clarkson University)<\/p>\n<p><a href=\"https:\/\/www.mse.cornell.edu\/faculty-directory\/christopher-k-ober\" target=\"_blank\" rel=\"noopener\"><strong>Christopher Ober<\/strong><\/a> (Cornell University)<\/p>\n<h3><strong>Confirmed Speakers:<\/strong><\/h3>\n<p><a href=\"https:\/\/engineering.buffalo.edu\/chemical-biological\/people\/faculty-directory.host.html\/content\/shared\/engineering\/chemical-biological\/profiles\/faculty\/alexandridis-paschalis.detail.html\" target=\"_blank\" rel=\"noopener\"><strong>Paschalis Alexandridis<\/strong><\/a>\u00a0(University at Buffalo)<\/p>\n<p><a href=\"https:\/\/arts-sciences.buffalo.edu\/chemistry\/faculty\/faculty-directory\/benedict.html\" target=\"_blank\" rel=\"noopener\"><b>Jason Benedict<\/b><\/a>\u00a0(University at Buffalo)<\/p>\n<p><a href=\"https:\/\/www.chem.udel.edu\/people\/full-list-searchable\/bloch\" target=\"_blank\" rel=\"noopener\"><strong>Eric Bloch<\/strong><\/a>\u00a0(University of Delaware)<\/p>\n<p><a href=\"https:\/\/cbe.engr.uconn.edu\/person\/kelly-burke\/\" target=\"_blank\" rel=\"noopener\"><strong>Kelly Burke<\/strong><\/a>\u00a0(University of Connecticut)<\/p>\n<p><a href=\"https:\/\/chemistry.cornell.edu\/brett-p-fors\"><b>Brett Fors<\/b><\/a> (Cornell University)<\/p>\n<p><a href=\"https:\/\/www.concordia.ca\/artsci\/chemistry\/faculty.html?fpid=ashlee-howarth\" target=\"_blank\" rel=\"noopener\"><strong>Ashlee Howarth<\/strong><\/a>\u00a0(Concordia University)<\/p>\n<p><strong><a href=\"https:\/\/www.rmc-cmr.ca\/en\/chemistry-and-chemical-engineering\/p-julien\">Patrick Julien<\/a><\/strong> (RMC)<\/p>\n<p><a href=\"https:\/\/www.clarkson.edu\/people\/sitaraman-krishnan\"><b>Sitaraman Krishnan<\/b><\/a> (Clarkson University)<\/p>\n<p><a href=\"https:\/\/www.clarkson.edu\/people\/xiaocun-lu\"><b>Xiaocun Lu<\/b><\/a> (Clarkson University)<\/p>\n<p><a href=\"https:\/\/www.che.psu.edu\/department\/directory-detail-g.aspx?q=ptm101\" target=\"_blank\" rel=\"noopener\"><strong>Patrick Mather<\/strong><\/a>\u00a0(Penn State University)<\/p>\n<p><a href=\"https:\/\/chemistry.cornell.edu\/phillip-milner\" target=\"_blank\" rel=\"noopener\"><strong>Phillip Milner<\/strong><\/a>\u00a0(Cornell University)<\/p>\n<p><a href=\"https:\/\/www.chem.columbia.edu\/content\/colin-p-nuckolls\" target=\"_blank\" rel=\"noopener\"><b>Colin Nuckolls<\/b><\/a> (Columbia University)<\/p>\n<p><a href=\"https:\/\/www.plattsburgh.edu\/academics\/schools\/arts-sciences\/chemistry-biochemistry\/faculty\/sunasee-rajesh.html\" target=\"_blank\" rel=\"noopener\"><b>Rajesh Sunasee<\/b><\/a> (SUNY Plattsburgh)<\/p>\n<p><a href=\"https:\/\/www.clarkson.edu\/people\/dhara-trivedi\"><b>Dhara Trivedi<\/b><\/a> (Clarkson University)<\/p>\n<p><a href=\"https:\/\/as.nyu.edu\/faculty\/marcus-weck.html\" target=\"_blank\" rel=\"noopener\"><strong>Marcus Weck<\/strong><\/a>\u00a0(New York University)<\/p>\n<p><a href=\"https:\/\/faculty.rpi.edu\/node\/36278\" target=\"_blank\" rel=\"noopener\"><b>Helen Zha<\/b><\/a> (RPI)<\/p>\n<h2><strong>Thank you to our sponsors!<\/strong>\u00a0<\/h2>\n<ul>\n<li><strong>Main sponsor: <a href=\"https:\/\/www.clarkson.edu\/camp\" target=\"_blank\" rel=\"noopener\">Center for Advanced Materials Processing (CAMP)<\/a> at Clarkson University &#8211; a New York State Center for Advanced Materials<\/strong><\/li>\n<\/ul>\n<p>\t\t\t\t\t\t\t\t\t\t\t\t\t\t\t<img decoding=\"async\" width=\"640\" height=\"167\" src=\"https:\/\/sites.clarkson.edu\/camp\/wp-content\/uploads\/sites\/49\/2021\/04\/CAMP_logo_green-gray-on-white-1024x267.jpg\" alt=\"\" loading=\"lazy\" \/><br \/>\n\t\t\t\t\t\t\t\t\t\t\t\t\t\t\t<img decoding=\"async\" width=\"350\" height=\"79\" src=\"https:\/\/sites.clarkson.edu\/camp\/wp-content\/uploads\/sites\/49\/2022\/08\/ACS_NNYlogo.png\" alt=\"\" loading=\"lazy\" \/>\t\t\t\t\t\t\t\t\t\t\t\t\t\t\t<\/p>\n<p><strong style=\"letter-spacing: 0.4px\">Special opportunity!\u00a0<\/strong><\/p>\n<p>Two students\/postdocs were chosen from those who submit poster abstracts to also present <em>oral presentations<\/em> based on the quality of the abstract.\u00a0<\/p>\n<p>The two chosen presenters are:<\/p>\n<p><b><i>Victor Quezada-Novoa <\/i><\/b>(Concordia University), and<\/p>\n<p><b><i>Elizabeth Bygott <\/i><\/b>(Queen\u2019s University)<\/p>\n<h2><em><strong>Accommodation Information<\/strong><\/em><\/h2>\n<p>Rooms have been kept aside for attendees at special rates at the following two local hotels:<\/p>\n<p><a href=\"https:\/\/www.clarksoninn.com\/\" target=\"_blank\" rel=\"noopener\"><strong>Clarkson Inn<\/strong><\/a>\u00a0(in the heart of downtown Potsdam). Call 315-265-3050 to book directly, and use code &#8220;CUS&#8221;.\u00a0<\/p>\n<p><strong>Best Western University Inn<\/strong> (in picturesque Canton, just a short drive from Potsdam). Book through their <a href=\"https:\/\/www.bestwestern.com\/en_US\/book\/hotels-in-canton\/best-western-university-inn\/propertyCode.33051.html\" target=\"_blank\" rel=\"noopener\">website<\/a> or call the hotel directly 315-386-8522.\u00a0<\/p>\n<p>Other hotels to consider:<\/p>\n<ul>\n<li>Hampton Inn (Potsdam)<\/li>\n<li>Holiday Inn Express (Canton)<\/li>\n<li>Potsdam Inn (Potsdam)<\/li>\n<li>Northern Family Motel (Potsdam)<\/li>\n<li>Scottish Inn (Potsdam)<\/li>\n<\/ul>\n<p>\t\t\t\t\t\t\t\t\t\t\t\t\t\t\t<img decoding=\"async\" width=\"413\" height=\"96\" src=\"https:\/\/sites.clarkson.edu\/camp\/wp-content\/uploads\/sites\/49\/2022\/09\/Rigaku.png\" alt=\"\" loading=\"lazy\" \/><br \/>\n\t\t\t\t\t\t\t\t\t\t\t\t\t\t\t<img decoding=\"async\" width=\"597\" height=\"175\" src=\"https:\/\/sites.clarkson.edu\/camp\/wp-content\/uploads\/sites\/49\/2022\/09\/CU_SAS.png\" alt=\"\" loading=\"lazy\" \/><br \/>\n\t\t\t\t\t\t\t\t\t\t\t\t\t\t\t<img decoding=\"async\" width=\"300\" height=\"162\" src=\"https:\/\/sites.clarkson.edu\/camp\/wp-content\/uploads\/sites\/49\/2022\/09\/Bruker-300x162.png\" alt=\"\" loading=\"lazy\" \/>\t\t\t\t\t\t\t\t\t\t\t\t\t\t\t<\/p>\n<h3><strong>Symposium Schedule (overview)<\/strong><\/h3>\n<p><strong>Saturday October 1:<\/strong>\u00a0<\/p>\n<p><b>Session I: 8:15 &#8211; 10:10am\u00a0<\/b>Keynote Speaker <em><strong>Tomislav Fri\u0161\u010di\u0107<\/strong><\/em>\u00a0&amp; Invited Speakers<\/p>\n<p><b style=\"letter-spacing: 0.4px\">Break: 10:10 &#8211; 10:30am<\/b><\/p>\n<p><b style=\"letter-spacing: 0.4px\">Session II: 10:30 &#8211; 11:50am<\/b>\u00a0Invited Speakers<\/p>\n<p><b>Lunch 11:50am &#8211; 1:30pm<\/b><\/p>\n<p><b>Session III: 1:30 &#8211; 3:30pm\u00a0<\/b>Keynote Speaker <em><strong>Christopher Ober<\/strong><\/em>\u00a0&amp; Invited Speakers<\/p>\n<p><b>Session IV: 3:30 &#8211; 5:30pm<\/b>\u00a0Poster Session \/ Reception<\/p>\n<p><b>Session V:\u00a0<\/b><b>6:30 &#8211; 8:30pm<\/b>\u00a0Dinner &amp; Plenary Address by <b><i>Omar Farha<\/i><\/b><\/p>\n<p><b>Sunday<\/b><strong> October 2:<\/strong>\u00a0<\/p>\n<p><b>Session VI: 8:30 &#8211; 10:10am\u00a0<\/b>Keynote Speaker <em><strong>Silvana Andreescu<\/strong><\/em> &amp; Invited Speakers<\/p>\n<p><b style=\"letter-spacing: 0.4px\">Break: 10:10 &#8211; 10:30am<\/b><\/p>\n<p><b style=\"letter-spacing: 0.4px\">Session VII: 10:30 &#8211; 12:00pm<\/b>\u00a0Invited Speakers<\/p>\n<p><b>Lunch 12:00 &#8211; 1:30pm\u00a0<\/b>(boxed)<\/p>\n<p><b>Depart<\/b><\/p>\n<p>\t\t\t<a href=\"https:\/\/drive.google.com\/file\/d\/1Wm3AFqM_c40wT_Uy5RazLo8e8Brp2gWD\/view?usp=sharing\" target=\"_blank\" role=\"button\" rel=\"noopener\"><br \/>\n\t\t\t\t\t\tDetailed Schedule (PDF)<br \/>\n\t\t\t\t\t<\/a><br \/>\n\t\t\t\t\t\t\t\t\t\t\t\t\t\t\t<img decoding=\"async\" width=\"518\" height=\"160\" src=\"https:\/\/sites.clarkson.edu\/camp\/wp-content\/uploads\/sites\/49\/2022\/06\/CUcampus_FallPic.png\" alt=\"\" loading=\"lazy\" \/><\/p>\n","protected":false},"excerpt":{"rendered":"<p>Clarkson Materials Chemistry Symposium Advanced Functional Materials for Emerging Science and Technology Clarkson University and CAMP are excited to host a 1.5-day symposium on October 1-2 2022, which will bring together leaders in the field of materials chemistry, including 20+ invited speakers and student posters. REGISTRATION NOW CLOSED ! Please email Leila Boyea (lboyea@clarkson.edu) if [&hellip;]<\/p>\n","protected":false},"author":146,"featured_media":0,"parent":0,"menu_order":0,"comment_status":"closed","ping_status":"closed","template":"","meta":{"advgb_blocks_editor_width":"","advgb_blocks_columns_visual_guide":"","footnotes":""},"class_list":["post-254","page","type-page","status-publish","hentry"],"coauthors":[],"author_meta":{"author_link":"https:\/\/sites.clarkson.edu\/camp\/author\/dshipp\/","display_name":"dshipp"},"relative_dates":{"created":"Posted 4 years ago","modified":"Updated 4 years ago"},"absolute_dates":{"created":"Posted on June 1, 2022","modified":"Updated on September 29, 2022"},"absolute_dates_time":{"created":"Posted on June 1, 2022 12:41 pm","modified":"Updated on September 29, 2022 12:02 am"},"featured_img_caption":"","featured_img":false,"series_order":"","_links":{"self":[{"href":"https:\/\/sites.clarkson.edu\/camp\/wp-json\/wp\/v2\/pages\/254","targetHints":{"allow":["GET"]}}],"collection":[{"href":"https:\/\/sites.clarkson.edu\/camp\/wp-json\/wp\/v2\/pages"}],"about":[{"href":"https:\/\/sites.clarkson.edu\/camp\/wp-json\/wp\/v2\/types\/page"}],"author":[{"embeddable":true,"href":"https:\/\/sites.clarkson.edu\/camp\/wp-json\/wp\/v2\/users\/146"}],"replies":[{"embeddable":true,"href":"https:\/\/sites.clarkson.edu\/camp\/wp-json\/wp\/v2\/comments?post=254"}],"version-history":[{"count":0,"href":"https:\/\/sites.clarkson.edu\/camp\/wp-json\/wp\/v2\/pages\/254\/revisions"}],"wp:attachment":[{"href":"https:\/\/sites.clarkson.edu\/camp\/wp-json\/wp\/v2\/media?parent=254"}],"curies":[{"name":"wp","href":"https:\/\/api.w.org\/{rel}","templated":true}]}}